{"id":254,"date":"2025-10-30T13:19:43","date_gmt":"2025-10-30T12:19:43","guid":{"rendered":"https:\/\/agycentre.bythewaystudio.ch\/?page_id=254"},"modified":"2025-12-08T14:58:36","modified_gmt":"2025-12-08T13:58:36","slug":"zugang","status":"publish","type":"page","link":"https:\/\/agycentre.ch\/de\/zugang\/","title":{"rendered":"Zugang"},"content":{"rendered":"<p>[et_pb_section fb_built=&#8220;1&#8243; custom_padding_last_edited=&#8220;on|phone&#8220; module_class=&#8220;section_banner&#8220; _builder_version=&#8220;4.27.4&#8243; _module_preset=&#8220;default&#8220; use_background_color_gradient=&#8220;on&#8220; background_color_gradient_stops=&#8220;rgba(33,33,33,0) 0%|#212121 100%&#8220; background_color_gradient_overlays_image=&#8220;on&#8220; background_image=&#8220;https:\/\/agycentre.ch\/wp-content\/uploads\/2025\/12\/P1036001.jpg&#8220; custom_margin=&#8220;0px||0px||false|false&#8220; custom_padding=&#8220;170px|40px|170px|40px|true|true&#8220; custom_padding_tablet=&#8220;130px|30px|130px|30px|true|true&#8220; custom_padding_phone=&#8220;90px|20px|90px|20px|true|true&#8220; global_colors_info=&#8220;{}&#8220;][et_pb_row _builder_version=&#8220;4.27.4&#8243; _module_preset=&#8220;default&#8220; custom_margin=&#8220;0px||0px||false|false&#8220; custom_padding=&#8220;0px||0px||false|false&#8220; global_colors_info=&#8220;{}&#8220;][et_pb_column type=&#8220;4_4&#8243; _builder_version=&#8220;4.27.4&#8243; _module_preset=&#8220;default&#8220; global_colors_info=&#8220;{}&#8220;][et_pb_text _builder_version=&#8220;4.27.4&#8243; _module_preset=&#8220;default&#8220; header_text_color=&#8220;#FFFFFF&#8220; header_font_size=&#8220;240px&#8220; text_orientation=&#8220;center&#8220; custom_margin=&#8220;0px||0px||false|false&#8220; custom_padding=&#8220;0px||0px||false|false&#8220; global_colors_info=&#8220;{}&#8220;]<\/p>\n<h1>zugang<\/h1>\n<p>[\/et_pb_text][\/et_pb_column][\/et_pb_row][\/et_pb_section][et_pb_section fb_built=&#8220;1&#8243; custom_padding_last_edited=&#8220;on|desktop&#8220; module_class=&#8220;section_logos&#8220; _builder_version=&#8220;4.27.4&#8243; _module_preset=&#8220;default&#8220; background_color=&#8220;#212121&#8243; custom_margin=&#8220;-1px||0px||false|false&#8220; custom_padding=&#8220;80px||80px||true|false&#8220; custom_padding_tablet=&#8220;60px||60px||true|false&#8220; custom_padding_phone=&#8220;40px||40px||true|false&#8220; saved_tabs=&#8220;all&#8220; global_colors_info=&#8220;{}&#8220;][et_pb_row _builder_version=&#8220;4.27.4&#8243; _module_preset=&#8220;default&#8220; width=&#8220;100%&#8220; max_width=&#8220;100%&#8220; custom_margin=&#8220;0px||0px||false|false&#8220; custom_padding=&#8220;0px||0px||false|false&#8220; global_colors_info=&#8220;{}&#8220;][et_pb_column type=&#8220;4_4&#8243; _builder_version=&#8220;4.27.4&#8243; _module_preset=&#8220;default&#8220; global_colors_info=&#8220;{}&#8220;][et_pb_code _builder_version=&#8220;4.27.4&#8243; _module_preset=&#8220;default&#8220; custom_margin=&#8220;0px||0px||false|false&#8220; custom_padding=&#8220;0px||0px||false|false&#8220; global_colors_info=&#8220;{}&#8220;]<script src=\"https:\/\/elfsightcdn.com\/platform.js\" async><\/script><!-- [et_pb_line_break_holder] --><!-- [et_pb_line_break_holder] --><\/p>\n<div class=\"elfsight-app-8afd8479-35dc-4307-91b9-3e5702daa120\" data-elfsight-app-lazy><\/div>\n<p>[\/et_pb_code][\/et_pb_column][\/et_pb_row][\/et_pb_section][et_pb_section fb_built=&#8220;1&#8243; custom_padding_last_edited=&#8220;on|phone&#8220; _builder_version=&#8220;4.27.4&#8243; _module_preset=&#8220;default&#8220; background_enable_color=&#8220;off&#8220; custom_margin=&#8220;0px||0px||false|false&#8220; custom_padding=&#8220;190px|40px|200px|40px|false|true&#8220; custom_padding_tablet=&#8220;140px|30px|150px|30px|false|true&#8220; custom_padding_phone=&#8220;90px|20px|100px|20px|false|true&#8220; global_colors_info=&#8220;{}&#8220;][et_pb_row custom_padding_last_edited=&#8220;off|phone&#8220; _builder_version=&#8220;4.27.4&#8243; _module_preset=&#8220;default&#8220; custom_margin=&#8220;0px||0px||false|false&#8220; custom_padding=&#8220;0px||0px||false|false&#8220; custom_padding_tablet=&#8220;||||false|false&#8220; custom_padding_phone=&#8220;||||false|false&#8220; global_colors_info=&#8220;{}&#8220;][et_pb_column type=&#8220;4_4&#8243; _builder_version=&#8220;4.27.4&#8243; _module_preset=&#8220;default&#8220; global_colors_info=&#8220;{}&#8220;][et_pb_text module_class=&#8220;title-border&#8220; _builder_version=&#8220;4.27.4&#8243; _module_preset=&#8220;default&#8220; header_2_font_size=&#8220;100px&#8220; custom_margin=&#8220;0px|auto|60px|auto|false|false&#8220; custom_margin_tablet=&#8220;||50px||false|false&#8220; custom_margin_phone=&#8220;||40px||false|false&#8220; custom_margin_last_edited=&#8220;on|phone&#8220; custom_padding=&#8220;0px||0px||false|false&#8220; header_2_font_size_tablet=&#8220;70px&#8220; header_2_font_size_phone=&#8220;40px&#8220; header_2_font_size_last_edited=&#8220;on|tablet&#8220; border_width_bottom=&#8220;6px&#8220; border_color_bottom=&#8220;#A07C52&#8243; border_width_bottom_tablet=&#8220;5px&#8220; border_width_bottom_phone=&#8220;4px&#8220; border_width_bottom_last_edited=&#8220;on|desktop&#8220; global_colors_info=&#8220;{}&#8220;]<\/p>\n<h2>zugang<\/h2>\n<p>[\/et_pb_text][et_pb_text _builder_version=&#8220;4.27.4&#8243; _module_preset=&#8220;default&#8220; text_orientation=&#8220;center&#8220; max_width=&#8220;70%&#8220; max_width_tablet=&#8220;85%&#8220; max_width_phone=&#8220;100%&#8220; max_width_last_edited=&#8220;on|desktop&#8220; module_alignment=&#8220;center&#8220; custom_margin=&#8220;0px||100px||false|false&#8220; custom_margin_tablet=&#8220;||80px||false|false&#8220; custom_margin_phone=&#8220;||60px||false|false&#8220; custom_margin_last_edited=&#8220;on|desktop&#8220; custom_padding=&#8220;0px||0px||false|false&#8220; text_font_size_tablet=&#8220;17px&#8220; text_font_size_phone=&#8220;16px&#8220; text_font_size_last_edited=&#8220;on|desktop&#8220; global_colors_info=&#8220;{}&#8220;]<\/p>\n<p>Agy 1 ist leicht erreichbar und praktisch gelegen und heisst Sie von allen Seiten willkommen! Unser Zentrum befindet sich im Herzen der Stadt und ist \u00fcber mehrere wichtige Verkehrsachsen erreichbar. Es gibt zahlreiche Parkpl\u00e4tze, auf denen Sie Ihr Auto bequem abstellen k\u00f6nnen. Dank der nahe gelegenen Haltestellen k\u00f6nnen Sie auch zu Fuss oder mit \u00f6ffentlichen Verkehrsmitteln anreisen. Egal, woher Sie kommen, bei Agy 1 beginnt Ihr Shopping-Abenteuer ganz unkompliziert!<\/p>\n<p>[\/et_pb_text][\/et_pb_column][\/et_pb_row][et_pb_row module_class=&#8220;row_acces&#8220; _builder_version=&#8220;4.27.4&#8243; _module_preset=&#8220;default&#8220; custom_margin=&#8220;0px||100px||false|false&#8220; custom_margin_tablet=&#8220;||80px||false|false&#8220; custom_margin_phone=&#8220;||60px||false|false&#8220; custom_margin_last_edited=&#8220;on|tablet&#8220; custom_padding=&#8220;0px||0px||false|false&#8220; global_colors_info=&#8220;{}&#8220;][et_pb_column type=&#8220;4_4&#8243; _builder_version=&#8220;4.27.4&#8243; _module_preset=&#8220;default&#8220; global_colors_info=&#8220;{}&#8220;][et_pb_blurb title=&#8220;1 Stunde kostenloses Parken&#8220; image=&#8220;https:\/\/agycentre.ch\/wp-content\/uploads\/2025\/11\/garage.jpg&#8220; content_max_width=&#8220;100%&#8220; _builder_version=&#8220;4.27.5&#8243; _module_preset=&#8220;default&#8220; header_level=&#8220;h3&#8243; header_text_color=&#8220;#FFFFFF&#8220; header_font_size=&#8220;22px&#8220; header_line_height=&#8220;1.1em&#8220; animation=&#8220;off&#8220; hover_enabled=&#8220;0&#8243; header_font_size_tablet=&#8220;20px&#8220; header_font_size_phone=&#8220;18px&#8220; header_font_size_last_edited=&#8220;on|desktop&#8220; global_colors_info=&#8220;{}&#8220; sticky_enabled=&#8220;0&#8243;][\/et_pb_blurb][et_pb_blurb title=&#8220;Stellpl\u00e4tze  f\u00fcr Fahrr\u00e4der&#8220; image=&#8220;https:\/\/agycentre.ch\/wp-content\/uploads\/2025\/11\/velo.jpg&#8220; content_max_width=&#8220;100%&#8220; _builder_version=&#8220;4.27.4&#8243; _module_preset=&#8220;default&#8220; header_level=&#8220;h3&#8243; header_text_color=&#8220;#FFFFFF&#8220; header_font_size=&#8220;22px&#8220; header_line_height=&#8220;1.1em&#8220; animation=&#8220;off&#8220; header_font_size_tablet=&#8220;20px&#8220; header_font_size_phone=&#8220;18px&#8220; header_font_size_last_edited=&#8220;on|desktop&#8220; global_colors_info=&#8220;{}&#8220;][\/et_pb_blurb][et_pb_blurb title=&#8220;Bushaltestelle in  der N\u00e4he&#8220; image=&#8220;https:\/\/agycentre.ch\/wp-content\/uploads\/2025\/11\/bus.jpg&#8220; content_max_width=&#8220;100%&#8220; _builder_version=&#8220;4.27.4&#8243; _module_preset=&#8220;default&#8220; header_level=&#8220;h3&#8243; header_text_color=&#8220;#FFFFFF&#8220; header_font_size=&#8220;22px&#8220; header_line_height=&#8220;1.1em&#8220; animation=&#8220;off&#8220; header_font_size_tablet=&#8220;20px&#8220; header_font_size_phone=&#8220;18px&#8220; header_font_size_last_edited=&#8220;on|desktop&#8220; global_colors_info=&#8220;{}&#8220;][\/et_pb_blurb][et_pb_blurb title=&#8220;Zugang f\u00fcr alle geeignet&#8220; image=&#8220;https:\/\/agycentre.ch\/wp-content\/uploads\/2025\/11\/acces-pour-tous.jpg&#8220; content_max_width=&#8220;100%&#8220; _builder_version=&#8220;4.27.4&#8243; _module_preset=&#8220;default&#8220; header_level=&#8220;h3&#8243; header_text_color=&#8220;#FFFFFF&#8220; header_font_size=&#8220;22px&#8220; header_line_height=&#8220;1.1em&#8220; animation=&#8220;off&#8220; header_font_size_tablet=&#8220;20px&#8220; header_font_size_phone=&#8220;18px&#8220; header_font_size_last_edited=&#8220;on|desktop&#8220; global_colors_info=&#8220;{}&#8220;][\/et_pb_blurb][\/et_pb_column][\/et_pb_row][et_pb_row _builder_version=&#8220;4.27.4&#8243; _module_preset=&#8220;default&#8220; custom_margin=&#8220;0px||0px||false|false&#8220; custom_padding=&#8220;0px||0px||false|false&#8220; global_colors_info=&#8220;{}&#8220;][et_pb_column type=&#8220;4_4&#8243; _builder_version=&#8220;4.27.4&#8243; _module_preset=&#8220;default&#8220; global_colors_info=&#8220;{}&#8220;][et_pb_text _builder_version=&#8220;4.27.4&#8243; _module_preset=&#8220;default&#8220; text_orientation=&#8220;center&#8220; custom_margin=&#8220;0px||1em||false|false&#8220; custom_padding=&#8220;0px||0px||false|false&#8220; text_font_size_tablet=&#8220;17px&#8220; text_font_size_phone=&#8220;16px&#8220; text_font_size_last_edited=&#8220;on|phone&#8220; global_colors_info=&#8220;{}&#8220;]<\/p>\n<p>Es ist alles vorgesehen, damit Ihr Besuch praktisch und angenehm verl\u00e4uft.<\/p>\n<p>[\/et_pb_text][et_pb_text _builder_version=&#8220;4.27.4&#8243; _module_preset=&#8220;default&#8220; text_font=&#8220;|||on|||||&#8220; text_font_size=&#8220;22px&#8220; text_orientation=&#8220;center&#8220; custom_margin=&#8220;0px||0px||false|false&#8220; custom_padding=&#8220;0px||0px||false|false&#8220; text_font_size_tablet=&#8220;20px&#8220; text_font_size_phone=&#8220;18px&#8220; text_font_size_last_edited=&#8220;on|phone&#8220; global_colors_info=&#8220;{}&#8220;]<\/p>\n<p><strong>Wir freuen uns auf Sie!<\/strong><\/p>\n<p>[\/et_pb_text][\/et_pb_column][\/et_pb_row][\/et_pb_section]<\/p>\n","protected":false},"excerpt":{"rendered":"<p>zugangzugangAgy 1 ist leicht erreichbar und praktisch gelegen und heisst Sie von allen Seiten willkommen! Unser Zentrum befindet sich im Herzen der Stadt und ist \u00fcber mehrere wichtige Verkehrsachsen erreichbar. Es gibt zahlreiche Parkpl\u00e4tze, auf denen Sie Ihr Auto bequem abstellen k\u00f6nnen. Dank der nahe gelegenen Haltestellen k\u00f6nnen Sie auch zu Fuss oder mit \u00f6ffentlichen [&hellip;]<\/p>\n","protected":false},"author":1,"featured_media":0,"parent":0,"menu_order":0,"comment_status":"closed","ping_status":"closed","template":"","meta":{"_et_pb_use_builder":"on","_et_pb_old_content":"[et_pb_section fb_built=\"1\" custom_padding_last_edited=\"on|phone\" module_class=\"section_banner\" _builder_version=\"4.27.4\" _module_preset=\"default\" use_background_color_gradient=\"on\" background_color_gradient_stops=\"rgba(33,33,33,0) 0%|#212121 100%\" background_color_gradient_overlays_image=\"on\" background_image=\"https:\/\/agycentre.ch\/wp-content\/uploads\/2025\/10\/facade-sud-est.jpg\" custom_margin=\"0px||0px||false|false\" custom_padding=\"170px|40px|170px|40px|true|true\" custom_padding_tablet=\"130px|30px|130px|30px|true|true\" custom_padding_phone=\"90px|20px|90px|20px|true|true\" hover_enabled=\"0\" global_colors_info=\"{}\" sticky_enabled=\"0\"][et_pb_row _builder_version=\"4.27.4\" _module_preset=\"default\" custom_margin=\"0px||0px||false|false\" custom_padding=\"0px||0px||false|false\" global_colors_info=\"{}\"][et_pb_column type=\"4_4\" _builder_version=\"4.27.4\" _module_preset=\"default\" global_colors_info=\"{}\"][et_pb_text _builder_version=\"4.27.4\" _module_preset=\"default\" header_text_color=\"#FFFFFF\" header_font_size=\"240px\" text_orientation=\"center\" custom_margin=\"0px||0px||false|false\" custom_padding=\"0px||0px||false|false\" global_colors_info=\"{}\"]\n<h1>acc\u00e8s<\/h1>\n[\/et_pb_text][\/et_pb_column][\/et_pb_row][\/et_pb_section][et_pb_section fb_built=\"1\" custom_padding_last_edited=\"on|desktop\" module_class=\"section_logos\" _builder_version=\"4.27.4\" _module_preset=\"default\" background_color=\"#212121\" custom_margin=\"-1px||0px||false|false\" custom_padding=\"80px||80px||true|false\" custom_padding_tablet=\"60px||60px||true|false\" custom_padding_phone=\"40px||40px||true|false\" hover_enabled=\"0\" global_module=\"90\" saved_tabs=\"all\" global_colors_info=\"{}\" sticky_enabled=\"0\"][et_pb_row _builder_version=\"4.27.4\" _module_preset=\"default\" width=\"100%\" max_width=\"100%\" custom_margin=\"0px||0px||false|false\" custom_padding=\"0px||0px||false|false\" global_colors_info=\"{}\"][et_pb_column type=\"4_4\" _builder_version=\"4.27.4\" _module_preset=\"default\" global_colors_info=\"{}\"][et_pb_code _builder_version=\"4.27.4\" _module_preset=\"default\" custom_margin=\"0px||0px||false|false\" custom_padding=\"0px||0px||false|false\" global_colors_info=\"{}\"]<script src=\"https:\/\/elfsightcdn.com\/platform.js\" async><\/script><!-- [et_pb_line_break_holder] -->\n<div class=\"elfsight-app-8afd8479-35dc-4307-91b9-3e5702daa120\" data-elfsight-app-lazy><\/div>\n[\/et_pb_code][\/et_pb_column][\/et_pb_row][\/et_pb_section][et_pb_section fb_built=\"1\" custom_padding_last_edited=\"on|phone\" _builder_version=\"4.27.4\" _module_preset=\"default\" background_enable_color=\"off\" custom_margin=\"0px||0px||false|false\" custom_padding=\"190px|40px|200px|40px|false|true\" custom_padding_tablet=\"140px|30px|150px|30px|false|true\" custom_padding_phone=\"90px|20px|100px|20px|false|true\" global_colors_info=\"{}\"][et_pb_row custom_padding_last_edited=\"off|phone\" _builder_version=\"4.27.4\" _module_preset=\"default\" custom_margin=\"0px||0px||false|false\" custom_padding=\"0px||0px||false|false\" custom_padding_tablet=\"||||false|false\" custom_padding_phone=\"||||false|false\" global_colors_info=\"{}\"][et_pb_column type=\"4_4\" _builder_version=\"4.27.4\" _module_preset=\"default\" global_colors_info=\"{}\"][et_pb_text module_class=\"title-border\" _builder_version=\"4.27.4\" _module_preset=\"default\" header_2_font_size=\"100px\" custom_margin=\"0px|auto|60px|auto|false|false\" custom_margin_tablet=\"||50px||false|false\" custom_margin_phone=\"||40px||false|false\" custom_margin_last_edited=\"on|phone\" custom_padding=\"0px||0px||false|false\" header_2_font_size_tablet=\"70px\" header_2_font_size_phone=\"40px\" header_2_font_size_last_edited=\"on|tablet\" border_width_bottom=\"6px\" border_color_bottom=\"#A07C52\" border_width_bottom_tablet=\"5px\" border_width_bottom_phone=\"4px\" border_width_bottom_last_edited=\"on|desktop\" global_colors_info=\"{}\"]\n<h2>acc\u00e8s<\/h2>\n[\/et_pb_text][et_pb_text _builder_version=\"4.27.4\" _module_preset=\"default\" text_orientation=\"center\" max_width=\"70%\" max_width_tablet=\"85%\" max_width_phone=\"100%\" max_width_last_edited=\"on|desktop\" module_alignment=\"center\" custom_margin=\"0px||100px||false|false\" custom_margin_tablet=\"||80px||false|false\" custom_margin_phone=\"||60px||false|false\" custom_margin_last_edited=\"on|desktop\" custom_padding=\"0px||0px||false|false\" text_font_size_tablet=\"17px\" text_font_size_phone=\"16px\" text_font_size_last_edited=\"on|desktop\" global_colors_info=\"{}\"]\n\nFacile d\u2019acc\u00e8s et pratique, Agy 1 vous accueille de toutes parts ! Situ\u00e9 au c\u0153ur de la ville, notre centre est desservi par plusieurs axes routiers majeurs, avec de nombreux parkings pour garer votre voiture en toute tranquillit\u00e9. Vous pouvez aussi venir \u00e0 pied ou en transports en commun gr\u00e2ce \u00e0 nos arr\u00eats \u00e0 proximit\u00e9. Alors, peu importe d\u2019o\u00f9 vous venez, l\u2019aventure shopping commence sans soucis chez Agy 1 !\n\n[\/et_pb_text][\/et_pb_column][\/et_pb_row][et_pb_row module_class=\"row_acces\" _builder_version=\"4.27.4\" _module_preset=\"default\" custom_margin=\"0px||100px||false|false\" custom_padding=\"0px||0px||false|false\" hover_enabled=\"0\" global_colors_info=\"{}\" custom_margin_last_edited=\"on|tablet\" sticky_enabled=\"0\" custom_margin_tablet=\"||80px||false|false\" custom_margin_phone=\"||60px||false|false\"][et_pb_column type=\"4_4\" _builder_version=\"4.27.4\" _module_preset=\"default\" global_colors_info=\"{}\"][et_pb_blurb title=\"parking gratuit\" image=\"https:\/\/agycentre.ch\/wp-content\/uploads\/2025\/11\/garage.jpg\" content_max_width=\"100%\" _builder_version=\"4.27.4\" _module_preset=\"default\" header_level=\"h3\" header_text_color=\"#FFFFFF\" header_font_size=\"22px\" header_line_height=\"1.1em\" animation=\"off\" header_font_size_tablet=\"20px\" header_font_size_phone=\"18px\" header_font_size_last_edited=\"on|desktop\" global_colors_info=\"{}\"][\/et_pb_blurb][et_pb_blurb title=\"emplacements  pour v\u00e9los\" image=\"https:\/\/agycentre.ch\/wp-content\/uploads\/2025\/11\/velo.jpg\" content_max_width=\"100%\" _builder_version=\"4.27.4\" _module_preset=\"default\" header_level=\"h3\" header_text_color=\"#FFFFFF\" header_font_size=\"22px\" header_line_height=\"1.1em\" animation=\"off\" header_font_size_tablet=\"20px\" header_font_size_phone=\"18px\" header_font_size_last_edited=\"on|desktop\" global_colors_info=\"{}\"][\/et_pb_blurb][et_pb_blurb title=\"arr\u00eat de bus \u00e0 proximit\u00e9\" image=\"https:\/\/agycentre.ch\/wp-content\/uploads\/2025\/11\/bus.jpg\" content_max_width=\"100%\" _builder_version=\"4.27.4\" _module_preset=\"default\" header_level=\"h3\" header_text_color=\"#FFFFFF\" header_font_size=\"22px\" header_line_height=\"1.1em\" animation=\"off\" header_font_size_tablet=\"20px\" header_font_size_phone=\"18px\" header_font_size_last_edited=\"on|desktop\" global_colors_info=\"{}\"][\/et_pb_blurb][et_pb_blurb title=\"acc\u00e8s adapt\u00e9 pour toutes et tous\" image=\"https:\/\/agycentre.ch\/wp-content\/uploads\/2025\/11\/acces-pour-tous.jpg\" content_max_width=\"100%\" _builder_version=\"4.27.4\" _module_preset=\"default\" header_level=\"h3\" header_text_color=\"#FFFFFF\" header_font_size=\"22px\" header_line_height=\"1.1em\" animation=\"off\" header_font_size_tablet=\"20px\" header_font_size_phone=\"18px\" header_font_size_last_edited=\"on|desktop\" global_colors_info=\"{}\"][\/et_pb_blurb][\/et_pb_column][\/et_pb_row][et_pb_row _builder_version=\"4.27.4\" _module_preset=\"default\" custom_margin=\"0px||0px||false|false\" custom_padding=\"0px||0px||false|false\" hover_enabled=\"0\" sticky_enabled=\"0\"][et_pb_column _builder_version=\"4.27.4\" _module_preset=\"default\" type=\"4_4\"][et_pb_text _builder_version=\"4.27.4\" _module_preset=\"default\" text_font_size_last_edited=\"on|phone\" hover_enabled=\"0\" sticky_enabled=\"0\" text_font_size_tablet=\"17px\" text_font_size_phone=\"16px\" text_orientation=\"center\" custom_margin=\"0px||1em||false|false\" custom_padding=\"0px||0px||false|false\"]\n\nTout est pr\u00e9vu pour que votre visite soit pratique et agr\u00e9able.\n\n[\/et_pb_text][et_pb_text _builder_version=\"4.27.4\" _module_preset=\"default\" text_font_size_last_edited=\"on|phone\" hover_enabled=\"0\" sticky_enabled=\"0\" text_font_size_tablet=\"20px\" text_font_size_phone=\"18px\" text_orientation=\"center\" text_font=\"|||on|||||\" text_font_size=\"22px\" custom_margin=\"0px||0px||false|false\" custom_padding=\"0px||0px||false|false\"]\n\n<strong>On vous attend !<\/strong>\n\n[\/et_pb_text][\/et_pb_column][\/et_pb_row][\/et_pb_section]","_et_gb_content_width":"","footnotes":""},"class_list":["post-254","page","type-page","status-publish","hentry"],"_links":{"self":[{"href":"https:\/\/agycentre.ch\/de\/wp-json\/wp\/v2\/pages\/254","targetHints":{"allow":["GET"]}}],"collection":[{"href":"https:\/\/agycentre.ch\/de\/wp-json\/wp\/v2\/pages"}],"about":[{"href":"https:\/\/agycentre.ch\/de\/wp-json\/wp\/v2\/types\/page"}],"author":[{"embeddable":true,"href":"https:\/\/agycentre.ch\/de\/wp-json\/wp\/v2\/users\/1"}],"replies":[{"embeddable":true,"href":"https:\/\/agycentre.ch\/de\/wp-json\/wp\/v2\/comments?post=254"}],"version-history":[{"count":13,"href":"https:\/\/agycentre.ch\/de\/wp-json\/wp\/v2\/pages\/254\/revisions"}],"predecessor-version":[{"id":421,"href":"https:\/\/agycentre.ch\/de\/wp-json\/wp\/v2\/pages\/254\/revisions\/421"}],"wp:attachment":[{"href":"https:\/\/agycentre.ch\/de\/wp-json\/wp\/v2\/media?parent=254"}],"curies":[{"name":"wp","href":"https:\/\/api.w.org\/{rel}","templated":true}]}}